{"id":7900,"date":"2024-03-19T17:11:17","date_gmt":"2024-03-19T17:11:17","guid":{"rendered":"https:\/\/dsicreditoloures.pt\/?page_id=7900"},"modified":"2024-10-25T18:05:11","modified_gmt":"2024-10-25T17:05:11","slug":"simulador-credito-habitacao","status":"publish","type":"page","link":"https:\/\/dsicreditoloures.pt\/en\/simulador-credito-habitacao\/","title":{"rendered":"House Mortgage Calculator"},"content":{"rendered":"<div data-elementor-type=\"wp-page\" data-elementor-id=\"7900\" class=\"elementor elementor-7900\" data-elementor-post-type=\"page\">\n\t\t\t\t<div class=\"elementor-element elementor-element-2086719 e-con-full e-flex e-con e-parent\" data-id=\"2086719\" data-element_type=\"container\" data-e-type=\"container\" data-settings=\"{&quot;background_background&quot;:&quot;classic&quot;,&quot;shape_divider_bottom&quot;:&quot;curve&quot;,&quot;shape_divider_bottom_negative&quot;:&quot;yes&quot;}\">\n\t\t\t\t<div class=\"elementor-shape elementor-shape-bottom\" aria-hidden=\"true\" data-negative=\"true\">\n\t\t\t<svg xmlns=\"http:\/\/www.w3.org\/2000\/svg\" viewbox=\"0 0 1000 100\" preserveaspectratio=\"none\">\n\t<path class=\"elementor-shape-fill\" d=\"M500,97C126.7,96.3,0.8,19.8,0,0v100l1000,0V1C1000,19.4,873.3,97.8,500,97z\"\/>\n<\/svg>\t\t<\/div>\n\t\t<div class=\"elementor-element elementor-element-8a1d7a3 e-flex e-con-boxed e-con e-child\" data-id=\"8a1d7a3\" data-element_type=\"container\" data-e-type=\"container\">\n\t\t\t\t\t<div class=\"e-con-inner\">\n\t\t\t\t<div class=\"elementor-element elementor-element-fe6725d elementor-invisible elementor-widget elementor-widget-heading\" data-id=\"fe6725d\" data-element_type=\"widget\" data-e-type=\"widget\" data-settings=\"{&quot;_animation&quot;:&quot;bounceInLeft&quot;}\" data-widget_type=\"heading.default\">\n\t\t\t\t<div class=\"elementor-widget-container\">\n\t\t\t\t\t<h1 class=\"elementor-heading-title elementor-size-default\">House Credit Mortgage<\/h1>\t\t\t\t<\/div>\n\t\t\t\t<\/div>\n\t\t\t\t<div class=\"elementor-element elementor-element-83538c2 elementor-invisible elementor-widget elementor-widget-heading\" data-id=\"83538c2\" data-element_type=\"widget\" data-e-type=\"widget\" data-settings=\"{&quot;_animation&quot;:&quot;bounceInLeft&quot;}\" data-widget_type=\"heading.default\">\n\t\t\t\t<div class=\"elementor-widget-container\">\n\t\t\t\t\t<h1 class=\"elementor-heading-title elementor-size-default\">Calculator<\/h1>\t\t\t\t<\/div>\n\t\t\t\t<\/div>\n\t\t\t\t\t<\/div>\n\t\t\t\t<\/div>\n\t\t\t\t<\/div>\n\t\t<div class=\"elementor-element elementor-element-93fa12d e-flex e-con-boxed e-con e-parent\" data-id=\"93fa12d\" data-element_type=\"container\" data-e-type=\"container\" data-settings=\"{&quot;background_background&quot;:&quot;classic&quot;}\">\n\t\t\t\t\t<div class=\"e-con-inner\">\n\t\t\t\t<div class=\"elementor-element elementor-element-f3fe695 premium-title-color elementor-widget elementor-widget-premium-addon-title\" data-id=\"f3fe695\" data-element_type=\"widget\" data-e-type=\"widget\" data-widget_type=\"premium-addon-title.default\">\n\t\t\t\t<div class=\"elementor-widget-container\">\n\t\t\t\t\t\n\t\t<div class=\"premium-title-wrapper\">\n\t\t\t<div class=\"premium-title-container style1\">\n\t\t\t\t<h2 class=\"premium-title-header premium-title-style1\">\n\t\t\t\t\t\n\t\t\t\t\t\n\t\t\t\t\t\t\t\t\t\t\t\t\t\t\t<span class=\"premium-title-text\">\n\t\t\t\t\t\tCalculate you House Mortgage Here!\t\t\t\t\t<\/span>\n\t\t\t\t\t\t\n\t\t\t\t\t\t\t\t\t\t\n\t\t\t\t\t\t\t\t\t<\/h2>\n\n\t\t\t<\/div>\n\n\t\t\t\t\t<\/div>\n\n\t\t\t\t\t\t<\/div>\n\t\t\t\t<\/div>\n\t\t\t\t\t<\/div>\n\t\t\t\t<\/div>\n\t\t<div class=\"elementor-element elementor-element-71c7dfb e-flex e-con-boxed e-con e-parent\" data-id=\"71c7dfb\" data-element_type=\"container\" data-e-type=\"container\" data-settings=\"{&quot;background_background&quot;:&quot;classic&quot;}\">\n\t\t\t\t\t<div class=\"e-con-inner\">\n\t\t<div class=\"elementor-element elementor-element-cb89a79 e-con-full e-flex e-con e-child\" data-id=\"cb89a79\" data-element_type=\"container\" data-e-type=\"container\" data-settings=\"{&quot;background_background&quot;:&quot;classic&quot;}\">\n\t\t\t\t<div class=\"elementor-element elementor-element-6c6f61a elementor-widget elementor-widget-text-editor\" data-id=\"6c6f61a\" data-element_type=\"widget\" data-e-type=\"widget\" data-widget_type=\"text-editor.default\">\n\t\t\t\t<div class=\"elementor-widget-container\">\n\t\t\t\t\t\t\t\t\t<p>Quickly and easily, get an estimate of what your monthly expenses could be.<br \/><br \/>Make sure to book a consultation with us for a tailored proposal: we may be able to find even better terms for you!<\/p>\t\t\t\t\t\t\t\t<\/div>\n\t\t\t\t<\/div>\n\t\t\t\t<\/div>\n\t\t\t\t\t<\/div>\n\t\t\t\t<\/div>\n\t\t<div class=\"elementor-element elementor-element-2c8d087 e-flex e-con-boxed e-con e-parent\" data-id=\"2c8d087\" data-element_type=\"container\" data-e-type=\"container\" data-settings=\"{&quot;background_background&quot;:&quot;classic&quot;}\">\n\t\t\t\t\t<div class=\"e-con-inner\">\n\t\t<div class=\"elementor-element elementor-element-2257e27 e-con-full e-flex e-con e-child\" data-id=\"2257e27\" data-element_type=\"container\" data-e-type=\"container\" data-settings=\"{&quot;background_background&quot;:&quot;classic&quot;}\">\n\t\t<div class=\"elementor-element elementor-element-2833dab e-flex e-con-boxed e-con e-child\" data-id=\"2833dab\" data-element_type=\"container\" data-e-type=\"container\">\n\t\t\t\t\t<div class=\"e-con-inner\">\n\t\t\t\t<div class=\"elementor-element elementor-element-f521d5f elementor-widget elementor-widget-shortcode\" data-id=\"f521d5f\" data-element_type=\"widget\" data-e-type=\"widget\" data-widget_type=\"shortcode.default\">\n\t\t\t\t<div class=\"elementor-widget-container\">\n\t\t\t\t\t<script type=\"text\/javascript\">window[\"ccb_front_template_7899\"] = [];<\/script>\t\t<div class=\"elementor-shortcode\">\n<div class=\"ccb-main-widget\" id=\"ccb_app_7899\" data-calc-id=\"7899\"><\/div>\n<\/div>\n\t\t\t\t\t\t<\/div>\n\t\t\t\t<\/div>\n\t\t\t\t\t<\/div>\n\t\t\t\t<\/div>\n\t\t\t\t<\/div>\n\t\t\t\t\t<\/div>\n\t\t\t\t<\/div>\n\t\t<div class=\"elementor-element elementor-element-19629c2 e-flex e-con-boxed e-con e-parent\" data-id=\"19629c2\" data-element_type=\"container\" data-e-type=\"container\" data-settings=\"{&quot;background_background&quot;:&quot;classic&quot;}\">\n\t\t\t\t\t<div class=\"e-con-inner\">\n\t\t<div class=\"elementor-element elementor-element-55005d3 e-con-full e-flex e-con e-child\" data-id=\"55005d3\" data-element_type=\"container\" data-e-type=\"container\" data-settings=\"{&quot;background_background&quot;:&quot;classic&quot;}\">\n\t\t\t\t<div class=\"elementor-element elementor-element-a5cb3fb elementor-widget elementor-widget-text-editor\" data-id=\"a5cb3fb\" data-element_type=\"widget\" data-e-type=\"widget\" data-widget_type=\"text-editor.default\">\n\t\t\t\t<div class=\"elementor-widget-container\">\n\t\t\t\t\t\t\t\t\t<h4>Assumptions of the Calculation<\/h4><p>Financing for the purchase of a primary residence, corresponding to 79.9% of the property\u2019s appraised value.<\/p><p><strong>Maximum Loan:<\/strong><br \/>90% of the property\u2019s purchase value, provided it does not exceed 80% of the appraised value.<\/p>\t\t\t\t\t\t\t\t<\/div>\n\t\t\t\t<\/div>\n\t\t\t\t<\/div>\n\t\t\t\t\t<\/div>\n\t\t\t\t<\/div>\n\t\t<div class=\"elementor-element elementor-element-f5650ee e-con-full e-flex e-con e-parent\" data-id=\"f5650ee\" data-element_type=\"container\" data-e-type=\"container\" data-settings=\"{&quot;background_background&quot;:&quot;classic&quot;}\">\n\t\t<div class=\"elementor-element elementor-element-0da594f e-con-full e-flex e-con e-child\" data-id=\"0da594f\" data-element_type=\"container\" data-e-type=\"container\" data-settings=\"{&quot;background_background&quot;:&quot;classic&quot;}\">\n\t\t\t\t<div class=\"elementor-element elementor-element-3540d25 elementor-cta--layout-image-left elementor-bg-transform elementor-bg-transform-move-up elementor-cta--skin-classic elementor-animated-content elementor-widget elementor-widget-call-to-action\" data-id=\"3540d25\" data-element_type=\"widget\" data-e-type=\"widget\" data-widget_type=\"call-to-action.default\">\n\t\t\t\t<div class=\"elementor-widget-container\">\n\t\t\t\t\t\t\t<div class=\"elementor-cta\">\n\t\t\t\t\t<div class=\"elementor-cta__bg-wrapper\">\n\t\t\t\t<div class=\"elementor-cta__bg elementor-bg\" style=\"background-image: url(https:\/\/dsicreditoloures.pt\/wp-content\/uploads\/2024\/03\/Loja-Interior_1-1024x766-1.webp);\" role=\"img\" aria-label=\"\"><\/div>\n\t\t\t\t<div class=\"elementor-cta__bg-overlay\"><\/div>\n\t\t\t<\/div>\n\t\t\t\t\t\t\t<div class=\"elementor-cta__content\">\n\t\t\t\t\n\t\t\t\t\t\t\t\t\t<h2 class=\"elementor-cta__title elementor-cta__content-item elementor-content-item\">\n\t\t\t\t\t\tCurious to Find Out More?\t\t\t\t\t<\/h2>\n\t\t\t\t\n\t\t\t\t\n\t\t\t\t\t\t\t\t\t<div class=\"elementor-cta__button-wrapper elementor-cta__content-item elementor-content-item\">\n\t\t\t\t\t<a class=\"elementor-cta__button elementor-button elementor-size-\" href=\"https:\/\/dsicreditoloures.pt\/en\/contactos\/\">\n\t\t\t\t\t\tClick Here\t\t\t\t\t<\/a>\n\t\t\t\t\t<\/div>\n\t\t\t\t\t\t\t<\/div>\n\t\t\t\t\t\t<\/div>\n\t\t\t\t\t\t<\/div>\n\t\t\t\t<\/div>\n\t\t\t\t<\/div>\n\t\t\t\t<\/div>\n\t\t\t\t<\/div>","protected":false},"excerpt":{"rendered":"<p>Cr\u00e9dito Habita\u00e7\u00e3o Simulador Simule aqui o seu Cr\u00e9dito Habita\u00e7\u00e3o! De forma r\u00e1pida e simples, tenha uma previs\u00e3o daqueles que poder\u00e3o ser os seus encargos mensais. N\u00e3o dispensa a nossa consulta para uma proposta personalizada: poderemos encontrar ainda melhores condi\u00e7\u00f5es para si! Pressupostos da Simula\u00e7\u00e3o Financiamento para aquisi\u00e7\u00e3o de Habita\u00e7\u00e3o Pr\u00f3pria Permanente, de valor correspondente a [&hellip;]<\/p>","protected":false},"author":1,"featured_media":8584,"parent":0,"menu_order":0,"comment_status":"closed","ping_status":"closed","template":"elementor_header_footer","meta":{"footnotes":""},"class_list":["post-7900","page","type-page","status-publish","has-post-thumbnail","hentry"],"blocksy_meta":[],"yoast_head":"<!-- This site is optimized with the Yoast SEO plugin v27.5 - https:\/\/yoast.com\/product\/yoast-seo-wordpress\/ -->\n<title>Simulador Cr\u00e9dito Habita\u00e7\u00e3o - DS INTERMEDI\u00c1RIOS DE CR\u00c9DITO LOURES<\/title>\n<meta name=\"robots\" content=\"index, follow, max-snippet:-1, max-image-preview:large, max-video-preview:-1\" \/>\n<link rel=\"canonical\" href=\"https:\/\/dsicreditoloures.pt\/en\/simulador-credito-habitacao\/\" \/>\n<meta property=\"og:locale\" content=\"en_GB\" \/>\n<meta property=\"og:type\" content=\"article\" \/>\n<meta property=\"og:title\" content=\"Simulador Cr\u00e9dito Habita\u00e7\u00e3o - DS INTERMEDI\u00c1RIOS DE CR\u00c9DITO LOURES\" \/>\n<meta property=\"og:description\" content=\"Cr\u00e9dito Habita\u00e7\u00e3o Simulador Simule aqui o seu Cr\u00e9dito Habita\u00e7\u00e3o! De forma r\u00e1pida e simples, tenha uma previs\u00e3o daqueles que poder\u00e3o ser os seus encargos mensais. N\u00e3o dispensa a nossa consulta para uma proposta personalizada: poderemos encontrar ainda melhores condi\u00e7\u00f5es para si! Pressupostos da Simula\u00e7\u00e3o Financiamento para aquisi\u00e7\u00e3o de Habita\u00e7\u00e3o Pr\u00f3pria Permanente, de valor correspondente a [&hellip;]\" \/>\n<meta property=\"og:url\" content=\"https:\/\/dsicreditoloures.pt\/en\/simulador-credito-habitacao\/\" \/>\n<meta property=\"og:site_name\" content=\"DS INTERMEDI\u00c1RIOS DE CR\u00c9DITO LOURES\" \/>\n<meta property=\"article:publisher\" content=\"https:\/\/www.facebook.com\/DSICLOURES\/\" \/>\n<meta property=\"article:modified_time\" content=\"2024-10-25T17:05:11+00:00\" \/>\n<meta property=\"og:image\" content=\"https:\/\/dsicreditoloures.pt\/wp-content\/uploads\/2024\/10\/pexels-photo-6238614.webp\" \/>\n\t<meta property=\"og:image:width\" content=\"1124\" \/>\n\t<meta property=\"og:image:height\" content=\"750\" \/>\n\t<meta property=\"og:image:type\" content=\"image\/webp\" \/>\n<meta name=\"twitter:card\" content=\"summary_large_image\" \/>\n<meta name=\"twitter:label1\" content=\"Estimated reading time\" \/>\n\t<meta name=\"twitter:data1\" content=\"1 minute\" \/>\n<!-- \/ Yoast SEO plugin. -->","yoast_head_json":{"title":"Simulador Cr\u00e9dito Habita\u00e7\u00e3o - DS INTERMEDI\u00c1RIOS DE CR\u00c9DITO LOURES","robots":{"index":"index","follow":"follow","max-snippet":"max-snippet:-1","max-image-preview":"max-image-preview:large","max-video-preview":"max-video-preview:-1"},"canonical":"https:\/\/dsicreditoloures.pt\/en\/simulador-credito-habitacao\/","og_locale":"en_GB","og_type":"article","og_title":"Simulador Cr\u00e9dito Habita\u00e7\u00e3o - DS INTERMEDI\u00c1RIOS DE CR\u00c9DITO LOURES","og_description":"Cr\u00e9dito Habita\u00e7\u00e3o Simulador Simule aqui o seu Cr\u00e9dito Habita\u00e7\u00e3o! De forma r\u00e1pida e simples, tenha uma previs\u00e3o daqueles que poder\u00e3o ser os seus encargos mensais. N\u00e3o dispensa a nossa consulta para uma proposta personalizada: poderemos encontrar ainda melhores condi\u00e7\u00f5es para si! Pressupostos da Simula\u00e7\u00e3o Financiamento para aquisi\u00e7\u00e3o de Habita\u00e7\u00e3o Pr\u00f3pria Permanente, de valor correspondente a [&hellip;]","og_url":"https:\/\/dsicreditoloures.pt\/en\/simulador-credito-habitacao\/","og_site_name":"DS INTERMEDI\u00c1RIOS DE CR\u00c9DITO LOURES","article_publisher":"https:\/\/www.facebook.com\/DSICLOURES\/","article_modified_time":"2024-10-25T17:05:11+00:00","og_image":[{"width":1124,"height":750,"url":"https:\/\/dsicreditoloures.pt\/wp-content\/uploads\/2024\/10\/pexels-photo-6238614.webp","type":"image\/webp"}],"twitter_card":"summary_large_image","twitter_misc":{"Estimated reading time":"1 minute"},"schema":{"@context":"https:\/\/schema.org","@graph":[{"@type":"WebPage","@id":"https:\/\/dsicreditoloures.pt\/simulador-credito-habitacao\/","url":"https:\/\/dsicreditoloures.pt\/simulador-credito-habitacao\/","name":"Simulador Cr\u00e9dito Habita\u00e7\u00e3o - DS INTERMEDI\u00c1RIOS DE CR\u00c9DITO LOURES","isPartOf":{"@id":"https:\/\/dsicreditoloures.pt\/#website"},"primaryImageOfPage":{"@id":"https:\/\/dsicreditoloures.pt\/simulador-credito-habitacao\/#primaryimage"},"image":{"@id":"https:\/\/dsicreditoloures.pt\/simulador-credito-habitacao\/#primaryimage"},"thumbnailUrl":"https:\/\/dsicreditoloures.pt\/wp-content\/uploads\/2024\/10\/pexels-photo-6238614.webp","datePublished":"2024-03-19T17:11:17+00:00","dateModified":"2024-10-25T17:05:11+00:00","breadcrumb":{"@id":"https:\/\/dsicreditoloures.pt\/simulador-credito-habitacao\/#breadcrumb"},"inLanguage":"en-GB","potentialAction":[{"@type":"ReadAction","target":["https:\/\/dsicreditoloures.pt\/simulador-credito-habitacao\/"]}]},{"@type":"ImageObject","inLanguage":"en-GB","@id":"https:\/\/dsicreditoloures.pt\/simulador-credito-habitacao\/#primaryimage","url":"https:\/\/dsicreditoloures.pt\/wp-content\/uploads\/2024\/10\/pexels-photo-6238614.webp","contentUrl":"https:\/\/dsicreditoloures.pt\/wp-content\/uploads\/2024\/10\/pexels-photo-6238614.webp","width":1124,"height":750},{"@type":"BreadcrumbList","@id":"https:\/\/dsicreditoloures.pt\/simulador-credito-habitacao\/#breadcrumb","itemListElement":[{"@type":"ListItem","position":1,"name":"In\u00edcio","item":"https:\/\/dsicreditoloures.pt\/"},{"@type":"ListItem","position":2,"name":"Simulador Cr\u00e9dito Habita\u00e7\u00e3o"}]},{"@type":"WebSite","@id":"https:\/\/dsicreditoloures.pt\/#website","url":"https:\/\/dsicreditoloures.pt\/","name":"DS INTERMEDI\u00c1RIOS DE CR\u00c9DITO LOURES","description":"M\u00e1xima poupan\u00e7a mensal poss\u00edvel para cada cliente","publisher":{"@id":"https:\/\/dsicreditoloures.pt\/#organization"},"potentialAction":[{"@type":"SearchAction","target":{"@type":"EntryPoint","urlTemplate":"https:\/\/dsicreditoloures.pt\/?s={search_term_string}"},"query-input":{"@type":"PropertyValueSpecification","valueRequired":true,"valueName":"search_term_string"}}],"inLanguage":"en-GB"},{"@type":"Organization","@id":"https:\/\/dsicreditoloures.pt\/#organization","name":"DS INTERMEDI\u00c1RIOS DE CR\u00c9DITO LOURES","url":"https:\/\/dsicreditoloures.pt\/","logo":{"@type":"ImageObject","inLanguage":"en-GB","@id":"https:\/\/dsicreditoloures.pt\/#\/schema\/logo\/image\/","url":"https:\/\/dsicreditoloures.pt\/wp-content\/uploads\/2024\/10\/logo-dsi-loures.webp","contentUrl":"https:\/\/dsicreditoloures.pt\/wp-content\/uploads\/2024\/10\/logo-dsi-loures.webp","width":854,"height":1019,"caption":"DS INTERMEDI\u00c1RIOS DE CR\u00c9DITO LOURES"},"image":{"@id":"https:\/\/dsicreditoloures.pt\/#\/schema\/logo\/image\/"},"sameAs":["https:\/\/www.facebook.com\/DSICLOURES\/","https:\/\/www.linkedin.com\/company\/ds-intermedirios-de-crdito-loures\/","https:\/\/www.tiktok.com\/@dsic.loures","https:\/\/www.instagram.com\/dsicreditoloures"]}]}},"_links":{"self":[{"href":"https:\/\/dsicreditoloures.pt\/en\/wp-json\/wp\/v2\/pages\/7900","targetHints":{"allow":["GET"]}}],"collection":[{"href":"https:\/\/dsicreditoloures.pt\/en\/wp-json\/wp\/v2\/pages"}],"about":[{"href":"https:\/\/dsicreditoloures.pt\/en\/wp-json\/wp\/v2\/types\/page"}],"author":[{"embeddable":true,"href":"https:\/\/dsicreditoloures.pt\/en\/wp-json\/wp\/v2\/users\/1"}],"replies":[{"embeddable":true,"href":"https:\/\/dsicreditoloures.pt\/en\/wp-json\/wp\/v2\/comments?post=7900"}],"version-history":[{"count":3,"href":"https:\/\/dsicreditoloures.pt\/en\/wp-json\/wp\/v2\/pages\/7900\/revisions"}],"predecessor-version":[{"id":8872,"href":"https:\/\/dsicreditoloures.pt\/en\/wp-json\/wp\/v2\/pages\/7900\/revisions\/8872"}],"wp:featuredmedia":[{"embeddable":true,"href":"https:\/\/dsicreditoloures.pt\/en\/wp-json\/wp\/v2\/media\/8584"}],"wp:attachment":[{"href":"https:\/\/dsicreditoloures.pt\/en\/wp-json\/wp\/v2\/media?parent=7900"}],"curies":[{"name":"wp","href":"https:\/\/api.w.org\/{rel}","templated":true}]}}